{"id":18,"date":"2025-04-10T16:58:13","date_gmt":"2025-04-10T14:58:13","guid":{"rendered":"https:\/\/saltholmenstennisklubb.se\/?page_id=18"},"modified":"2026-03-30T14:47:14","modified_gmt":"2026-03-30T12:47:14","slug":"medlemskap","status":"publish","type":"page","link":"https:\/\/saltholmenstennisklubb.se\/index.php\/medlemskap\/","title":{"rendered":"Medlemskap"},"content":{"rendered":"\n<p>Alla som bor p\u00e5 Saltholmen, V\u00e4ssings\u00f6 eller \u00c4ngholmen \u00e4r v\u00e4lkomna att bli medlemmar i Saltholmens Tennisklubb. Som medlem i klubben, har du m\u00f6jlighet att spela p\u00e5 banan och delta i de evenemang som klubben anordnar varje \u00e5r. STKs verksamhet drivs med ideellt arbete men vi m\u00e5ste ta ut sm\u00e5 avgifter f\u00f6r att kunna underh\u00e5lla banan och betala arrende.<\/p>\n\n\n\n<p>De som inte kan bli medlemmar men \u00e4nd\u00e5 vill spela p\u00e5 banan kan bli g\u00e4stspelare och boka samt betala speltid via MATCHi.<\/p>\n\n\n\n<p><strong>MEDLEMSKAP<\/strong><br>Du anm\u00e4ler dig som medlem och betalar medlemsavgiften via MATCHi. Medlemsavgiften f\u00f6r tennis\u00e5ret 2026 \u00e4r 500 kronor per vuxen \u2013 dock max 600 kronor per familj som bor p\u00e5 samma adress.<\/p>\n\n\n\n<p>Aktuell kod till l\u00e5set f\u00e5r man n\u00e4r man bokar banan via Matchi.<\/p>\n\n\n\n<p><strong>G\u00c4STSPELARE<\/strong><br>Vi h\u00e5ller p\u00e5 att uppdatera uppl\u00e4gget f\u00f6r g\u00e4stspelare och \u00e5terkommer med information om vad som g\u00e4ller f\u00f6r 2026 i samband med s\u00e4songsstart.<\/p>\n\n\n\n<p><em>I och med att du blir medlem eller anm\u00e4ler dig som g\u00e4stspelare godk\u00e4nner du att STK, av administrativa sk\u00e4l, sparar uppgifter om namn, adress, telefonnummer, e-postadress,  betaldatum och andra uppgifter du l\u00e4mnar till STK\/MATCHi . Du kan l\u00e4sa mer om detta i v\u00e5r <a href=\"https:\/\/saltholmenstennisklubb.se\/index.php\/integritetspolicy\/\" data-type=\"page\" data-id=\"3\">Integritetspolicy<\/a>.<\/em><\/p>\n\n\n\n<p><\/p>\n","protected":false},"excerpt":{"rendered":"<p>Alla som bor p\u00e5 Saltholmen, V\u00e4ssings\u00f6 eller \u00c4ngholmen \u00e4r v\u00e4lkomna att bli medlemmar i Saltholmens Tennisklubb. Som medlem i klubben, har du m\u00f6jlighet att spela p\u00e5 banan och delta i de evenemang som klubben anordnar varje \u00e5r. STKs verksamhet drivs med ideellt arbete men vi m\u00e5ste ta ut sm\u00e5 avgifter f\u00f6r att kunna underh\u00e5lla banan &hellip; <a href=\"https:\/\/saltholmenstennisklubb.se\/index.php\/medlemskap\/\" class=\"more-link\">Forts\u00e4tt l\u00e4sa <span class=\"screen-reader-text\">Medlemskap<\/span> <span class=\"meta-nav\">&rarr;<\/span><\/a><\/p>\n","protected":false},"author":1,"featured_media":0,"parent":0,"menu_order":0,"comment_status":"closed","ping_status":"closed","template":"","meta":{"footnotes":""},"class_list":["post-18","page","type-page","status-publish","hentry"],"_links":{"self":[{"href":"https:\/\/saltholmenstennisklubb.se\/index.php\/wp-json\/wp\/v2\/pages\/18","targetHints":{"allow":["GET"]}}],"collection":[{"href":"https:\/\/saltholmenstennisklubb.se\/index.php\/wp-json\/wp\/v2\/pages"}],"about":[{"href":"https:\/\/saltholmenstennisklubb.se\/index.php\/wp-json\/wp\/v2\/types\/page"}],"author":[{"embeddable":true,"href":"https:\/\/saltholmenstennisklubb.se\/index.php\/wp-json\/wp\/v2\/users\/1"}],"replies":[{"embeddable":true,"href":"https:\/\/saltholmenstennisklubb.se\/index.php\/wp-json\/wp\/v2\/comments?post=18"}],"version-history":[{"count":8,"href":"https:\/\/saltholmenstennisklubb.se\/index.php\/wp-json\/wp\/v2\/pages\/18\/revisions"}],"predecessor-version":[{"id":113,"href":"https:\/\/saltholmenstennisklubb.se\/index.php\/wp-json\/wp\/v2\/pages\/18\/revisions\/113"}],"wp:attachment":[{"href":"https:\/\/saltholmenstennisklubb.se\/index.php\/wp-json\/wp\/v2\/media?parent=18"}],"curies":[{"name":"wp","href":"https:\/\/api.w.org\/{rel}","templated":true}]}}