{"id":3,"date":"2025-04-10T15:39:15","date_gmt":"2025-04-10T13:39:15","guid":{"rendered":"https:\/\/saltholmenstennisklubb.se\/?page_id=3"},"modified":"2026-03-25T21:20:22","modified_gmt":"2026-03-25T20:20:22","slug":"integritetspolicy","status":"publish","type":"page","link":"https:\/\/saltholmenstennisklubb.se\/index.php\/integritetspolicy\/","title":{"rendered":"Integritetspolicy"},"content":{"rendered":"\n<h6 class=\"wp-block-heading\">Information om hur Saltholmens tennisklubb (STK) behandlar personuppgifter.<\/h6>\n\n\n\n<p><strong>Vad \u00e4r \u00e4ndam\u00e5let med att behandla personuppgifter?<\/strong><br>STK behandlar uppgifter om namn, adress, telefonnummer, e-postadress och betaldatum. \u00c4ndam\u00e5let med behandlingen av personuppgifterna \u00e4r att vi ska kunna behandla din medlemsans\u00f6kan och administrera ditt medlemskap eller g\u00e4stspelarabonnemang hos STK. Medlemskapet \u00e4r det avtal som inneb\u00e4r att du f\u00e5r tillg\u00e5ng till den verksamhet som STK bedriver med utg\u00e5ngspunkt fr\u00e5n v\u00e5ra stadgar.<\/p>\n\n\n\n<p><strong>Vem \u00e4r personuppgiftsansvarig?<\/strong><br>STK \u00e4r personuppgiftsansvarig och STK ordf\u00f6rande \u00e4r ansvarig f\u00f6r att behandlingen av personuppgifter sker p\u00e5 korrekt vis.<\/p>\n\n\n\n<p><strong>Hur hanteras uppgifterna?<\/strong><br>Personuppgifterna behandlas av utsedda personer. STK str\u00e4var efter att hantera och lagra uppgifterna p\u00e5 ett s\u00e4kert och effektivt s\u00e4tt med h\u00e4nsyn till verksamheten.<\/p>\n\n\n\n<p>STK anv\u00e4nder MATCHi som en extern partner f\u00f6r bokningssystem och medlemsregister. MATCHi agerar som personuppgiftsbitr\u00e4de, vilket inneb\u00e4r att de hanterar data f\u00f6r klubbens r\u00e4kning. Det huvudsakliga syftet med att registrera uppgifter i MATCHi \u00e4r att administrera banbokningar,<br>hantera medlemskap\/medlemsregister samt hantera betalningar f\u00f6r bokningar. N\u00e4r en anv\u00e4ndare bokar en bana genom MATCHi och bjuder in medspelare (eller bokar en &#8221;\u00d6ppen Match&#8221;), kan vissa personuppgifter (som namn) bli synliga f\u00f6r andra anv\u00e4ndare i plattformen.<\/p>\n\n\n\n<p><strong>Hur sker \u00e4ndringar?<\/strong><br>Det \u00e4r viktigt att du som medlem meddelar STK n\u00e4r dina uppgifter \u00e4ndras. Det \u00e4r angel\u00e4get att uppgifterna \u00e4r korrekta och felaktigheter kommer att r\u00e4ttas snarast.<\/p>\n\n\n\n<p><strong>Hur beg\u00e4r jag information som jag har r\u00e4tt till?<\/strong><br>Du har r\u00e4tt att beg\u00e4ra information om dina personuppgifter hos STK och att f\u00e5 uppgifterna r\u00e4ttade. Observera att STK enbart sparar personuppgifter som bed\u00f6ms beh\u00f6vas f\u00f6r organisationens verksamhet. Skicka en undertecknad beg\u00e4ran till oss om du \u00f6nskar f\u00e5 information om de uppgifter som g\u00e4ller dig.<\/p>\n\n\n\n<p><strong>Hur l\u00e4nge sparas uppgifterna?<\/strong><br>Personuppgifter som l\u00e4mnas i samband med medlemsans\u00f6kan eller senare, samt uppgifter som p\u00e5 annat vis st\u00f6djer verksamheten sparas under den tid du \u00e4r medlem samt under den l\u00e4ngre tid som beh\u00f6vs f\u00f6r verksamheten.<\/p>\n\n\n\n<p><strong>Efter avslutat medlemskap<\/strong><br>Om du v\u00e4ljer att avsluta medlemskapet hos STK beh\u00f6ver vi \u00e4nd\u00e5 beh\u00e5lla dina personuppgifter upp till ett \u00e5r eller i vissa fall l\u00e4ngre tid. Detta f\u00f6r att vi ska kunna administrera avslutandet av ditt medlemskap, till exempel fullg\u00f6ra s\u00e5dana \u00e5taganden mot dig som p\u00e5g\u00e5r under en tid som str\u00e4cker sig efter det att medlemskapet upph\u00f6rt. Vid avslutat medlemskap kvarst\u00e5r dessutom vissa uppgifter som vi beh\u00f6ver ha kvar f\u00f6r att fullg\u00f6ra de krav som \u00e4r st\u00e4llda p\u00e5 oss genom Bokf\u00f6ringslagen, vilket inneb\u00e4r att s\u00e5dana uppgifter sparas i sju \u00e5r.<\/p>\n\n\n\n<p><\/p>\n","protected":false},"excerpt":{"rendered":"<p>Information om hur Saltholmens tennisklubb (STK) behandlar personuppgifter. Vad \u00e4r \u00e4ndam\u00e5let med att behandla personuppgifter?STK behandlar uppgifter om namn, adress, telefonnummer, e-postadress och betaldatum. \u00c4ndam\u00e5let med behandlingen av personuppgifterna \u00e4r att vi ska kunna behandla din medlemsans\u00f6kan och administrera ditt medlemskap eller g\u00e4stspelarabonnemang hos STK. Medlemskapet \u00e4r det avtal som inneb\u00e4r att du f\u00e5r tillg\u00e5ng &hellip; <a href=\"https:\/\/saltholmenstennisklubb.se\/index.php\/integritetspolicy\/\" class=\"more-link\">Forts\u00e4tt l\u00e4sa <span class=\"screen-reader-text\">Integritetspolicy<\/span> <span class=\"meta-nav\">&rarr;<\/span><\/a><\/p>\n","protected":false},"author":1,"featured_media":0,"parent":0,"menu_order":0,"comment_status":"closed","ping_status":"open","template":"","meta":{"footnotes":""},"class_list":["post-3","page","type-page","status-publish","hentry"],"_links":{"self":[{"href":"https:\/\/saltholmenstennisklubb.se\/index.php\/wp-json\/wp\/v2\/pages\/3","targetHints":{"allow":["GET"]}}],"collection":[{"href":"https:\/\/saltholmenstennisklubb.se\/index.php\/wp-json\/wp\/v2\/pages"}],"about":[{"href":"https:\/\/saltholmenstennisklubb.se\/index.php\/wp-json\/wp\/v2\/types\/page"}],"author":[{"embeddable":true,"href":"https:\/\/saltholmenstennisklubb.se\/index.php\/wp-json\/wp\/v2\/users\/1"}],"replies":[{"embeddable":true,"href":"https:\/\/saltholmenstennisklubb.se\/index.php\/wp-json\/wp\/v2\/comments?post=3"}],"version-history":[{"count":3,"href":"https:\/\/saltholmenstennisklubb.se\/index.php\/wp-json\/wp\/v2\/pages\/3\/revisions"}],"predecessor-version":[{"id":106,"href":"https:\/\/saltholmenstennisklubb.se\/index.php\/wp-json\/wp\/v2\/pages\/3\/revisions\/106"}],"wp:attachment":[{"href":"https:\/\/saltholmenstennisklubb.se\/index.php\/wp-json\/wp\/v2\/media?parent=3"}],"curies":[{"name":"wp","href":"https:\/\/api.w.org\/{rel}","templated":true}]}}