{"id":44,"date":"2025-04-10T17:00:50","date_gmt":"2025-04-10T15:00:50","guid":{"rendered":"https:\/\/saltholmenstennisklubb.se\/?page_id=44"},"modified":"2025-04-10T17:00:50","modified_gmt":"2025-04-10T15:00:50","slug":"evenemang","status":"publish","type":"page","link":"https:\/\/saltholmenstennisklubb.se\/index.php\/evenemang\/","title":{"rendered":"Evenemang"},"content":{"rendered":"\n<p>Saltholmens Tennisklubb arrangerar varje \u00e5r olika evenemang, tex Saltholmen Open med tenniscaf\u00e9, Tennisfest och St\u00e4ddag. Har du id\u00e9er p\u00e5 andra aktiviteter s\u00e5 \u00e4r vi tacksamma f\u00f6r f\u00f6rslag!<\/p>\n\n\n\n<p><\/p>\n","protected":false},"excerpt":{"rendered":"<p>Saltholmens Tennisklubb arrangerar varje \u00e5r olika evenemang, tex Saltholmen Open med tenniscaf\u00e9, Tennisfest och St\u00e4ddag. Har du id\u00e9er p\u00e5 andra aktiviteter s\u00e5 \u00e4r vi tacksamma f\u00f6r f\u00f6rslag!<\/p>\n","protected":false},"author":1,"featured_media":0,"parent":0,"menu_order":0,"comment_status":"closed","ping_status":"closed","template":"","meta":{"footnotes":""},"class_list":["post-44","page","type-page","status-publish","hentry"],"_links":{"self":[{"href":"https:\/\/saltholmenstennisklubb.se\/index.php\/wp-json\/wp\/v2\/pages\/44","targetHints":{"allow":["GET"]}}],"collection":[{"href":"https:\/\/saltholmenstennisklubb.se\/index.php\/wp-json\/wp\/v2\/pages"}],"about":[{"href":"https:\/\/saltholmenstennisklubb.se\/index.php\/wp-json\/wp\/v2\/types\/page"}],"author":[{"embeddable":true,"href":"https:\/\/saltholmenstennisklubb.se\/index.php\/wp-json\/wp\/v2\/users\/1"}],"replies":[{"embeddable":true,"href":"https:\/\/saltholmenstennisklubb.se\/index.php\/wp-json\/wp\/v2\/comments?post=44"}],"version-history":[{"count":1,"href":"https:\/\/saltholmenstennisklubb.se\/index.php\/wp-json\/wp\/v2\/pages\/44\/revisions"}],"predecessor-version":[{"id":45,"href":"https:\/\/saltholmenstennisklubb.se\/index.php\/wp-json\/wp\/v2\/pages\/44\/revisions\/45"}],"wp:attachment":[{"href":"https:\/\/saltholmenstennisklubb.se\/index.php\/wp-json\/wp\/v2\/media?parent=44"}],"curies":[{"name":"wp","href":"https:\/\/api.w.org\/{rel}","templated":true}]}}