{"id":48,"date":"2025-04-10T17:01:34","date_gmt":"2025-04-10T15:01:34","guid":{"rendered":"https:\/\/saltholmenstennisklubb.se\/?page_id=48"},"modified":"2025-05-19T17:48:49","modified_gmt":"2025-05-19T15:48:49","slug":"staddag","status":"publish","type":"page","link":"https:\/\/saltholmenstennisklubb.se\/index.php\/staddag\/","title":{"rendered":"St\u00e4ddag"},"content":{"rendered":"\n<p>V\u00e5rst\u00e4dning av banan genomf\u00f6rdes s\u00f6ndagen den 27:e april 2025 &#8211; stort tack till alla som var med och hj\u00e4lpte till!<\/p>\n","protected":false},"excerpt":{"rendered":"<p>V\u00e5rst\u00e4dning av banan genomf\u00f6rdes s\u00f6ndagen den 27:e april 2025 &#8211; stort tack till alla som var med och hj\u00e4lpte till!<\/p>\n","protected":false},"author":1,"featured_media":0,"parent":0,"menu_order":0,"comment_status":"closed","ping_status":"closed","template":"","meta":{"footnotes":""},"class_list":["post-48","page","type-page","status-publish","hentry"],"_links":{"self":[{"href":"https:\/\/saltholmenstennisklubb.se\/index.php\/wp-json\/wp\/v2\/pages\/48","targetHints":{"allow":["GET"]}}],"collection":[{"href":"https:\/\/saltholmenstennisklubb.se\/index.php\/wp-json\/wp\/v2\/pages"}],"about":[{"href":"https:\/\/saltholmenstennisklubb.se\/index.php\/wp-json\/wp\/v2\/types\/page"}],"author":[{"embeddable":true,"href":"https:\/\/saltholmenstennisklubb.se\/index.php\/wp-json\/wp\/v2\/users\/1"}],"replies":[{"embeddable":true,"href":"https:\/\/saltholmenstennisklubb.se\/index.php\/wp-json\/wp\/v2\/comments?post=48"}],"version-history":[{"count":5,"href":"https:\/\/saltholmenstennisklubb.se\/index.php\/wp-json\/wp\/v2\/pages\/48\/revisions"}],"predecessor-version":[{"id":75,"href":"https:\/\/saltholmenstennisklubb.se\/index.php\/wp-json\/wp\/v2\/pages\/48\/revisions\/75"}],"wp:attachment":[{"href":"https:\/\/saltholmenstennisklubb.se\/index.php\/wp-json\/wp\/v2\/media?parent=48"}],"curies":[{"name":"wp","href":"https:\/\/api.w.org\/{rel}","templated":true}]}}