{"id":50,"date":"2025-04-10T17:02:00","date_gmt":"2025-04-10T15:02:00","guid":{"rendered":"https:\/\/saltholmenstennisklubb.se\/?page_id=50"},"modified":"2025-08-28T14:36:31","modified_gmt":"2025-08-28T12:36:31","slug":"saltholmen-open","status":"publish","type":"page","link":"https:\/\/saltholmenstennisklubb.se\/index.php\/saltholmen-open\/","title":{"rendered":"Saltholmen Open"},"content":{"rendered":"\n<p>\u00c4r du medlem i STK kan du vara med i det popul\u00e4ra klubbm\u00e4sterskapet Saltholmen Open som spelas p\u00e5 sensommaren varje \u00e5r. N\u00e4sta turnering spelas augusti 2026.<\/p>\n\n\n\n<p>Turneringen omfattar flera olika klasser<\/p>\n\n\n\n<ul class=\"wp-block-list\">\n<li>Singel Barn (0-8 \u00e5r)<\/li>\n\n\n\n<li>Singel Flickor (9-15 \u00e5r)<\/li>\n\n\n\n<li>Singel Rookies (B\u00e5de Damer och Herrar)<\/li>\n\n\n\n<li>Singel Damer<\/li>\n\n\n\n<li>Dubbel Damer (lottade par)<\/li>\n\n\n\n<li>Dubbel Mixed (lottade par)<\/li>\n\n\n\n<li>Singel Pojkar (9-15 \u00e5r)<\/li>\n\n\n\n<li>Dubbel Ungdom (9-15 \u00e5r)<\/li>\n\n\n\n<li>Singel Herrar Motion<\/li>\n\n\n\n<li>Singel Herrar Elit<\/li>\n\n\n\n<li>Dubbel Herrar (lottade par)<\/li>\n<\/ul>\n\n\n\n<p>Man kan anm\u00e4la sig till max 3 klasser\/spelare. Spelaravgiften \u00e4r 50kr\/klass och vi brukar b\u00f6rjar med barn och ungdomsmatcher p\u00e5 fredagseftermiddagen och lottning av dubbelpar sker p\u00e5 v\u00e5r \u201dafter work\u201d i parken lite senare p\u00e5 fredagskv\u00e4llen.<\/p>\n\n\n\n<p>Spelschemat s\u00e4tts upp p\u00e5 anslagstavlan vid tennisbanan i samband med lottningen. Turneringen genomf\u00f6rs med tenniscaf\u00e9 under hela helgen med finaler p\u00e5 s\u00f6ndagseftermiddagen.<\/p>\n","protected":false},"excerpt":{"rendered":"<p>\u00c4r du medlem i STK kan du vara med i det popul\u00e4ra klubbm\u00e4sterskapet Saltholmen Open som spelas p\u00e5 sensommaren varje \u00e5r. N\u00e4sta turnering spelas augusti 2026. Turneringen omfattar flera olika klasser Man kan anm\u00e4la sig till max 3 klasser\/spelare. Spelaravgiften \u00e4r 50kr\/klass och vi brukar b\u00f6rjar med barn och ungdomsmatcher p\u00e5 fredagseftermiddagen och lottning av &hellip; <a href=\"https:\/\/saltholmenstennisklubb.se\/index.php\/saltholmen-open\/\" class=\"more-link\">Forts\u00e4tt l\u00e4sa <span class=\"screen-reader-text\">Saltholmen Open<\/span> <span class=\"meta-nav\">&rarr;<\/span><\/a><\/p>\n","protected":false},"author":1,"featured_media":0,"parent":0,"menu_order":0,"comment_status":"closed","ping_status":"closed","template":"","meta":{"footnotes":""},"class_list":["post-50","page","type-page","status-publish","hentry"],"_links":{"self":[{"href":"https:\/\/saltholmenstennisklubb.se\/index.php\/wp-json\/wp\/v2\/pages\/50","targetHints":{"allow":["GET"]}}],"collection":[{"href":"https:\/\/saltholmenstennisklubb.se\/index.php\/wp-json\/wp\/v2\/pages"}],"about":[{"href":"https:\/\/saltholmenstennisklubb.se\/index.php\/wp-json\/wp\/v2\/types\/page"}],"author":[{"embeddable":true,"href":"https:\/\/saltholmenstennisklubb.se\/index.php\/wp-json\/wp\/v2\/users\/1"}],"replies":[{"embeddable":true,"href":"https:\/\/saltholmenstennisklubb.se\/index.php\/wp-json\/wp\/v2\/comments?post=50"}],"version-history":[{"count":5,"href":"https:\/\/saltholmenstennisklubb.se\/index.php\/wp-json\/wp\/v2\/pages\/50\/revisions"}],"predecessor-version":[{"id":93,"href":"https:\/\/saltholmenstennisklubb.se\/index.php\/wp-json\/wp\/v2\/pages\/50\/revisions\/93"}],"wp:attachment":[{"href":"https:\/\/saltholmenstennisklubb.se\/index.php\/wp-json\/wp\/v2\/media?parent=50"}],"curies":[{"name":"wp","href":"https:\/\/api.w.org\/{rel}","templated":true}]}}